{"id":1427,"date":"2012-11-25T18:04:46","date_gmt":"2012-11-25T22:34:46","guid":{"rendered":"https:\/\/www.elsicaldeira.com\/?page_id=1427"},"modified":"2017-06-25T05:26:44","modified_gmt":"2017-06-25T09:56:44","slug":"about","status":"publish","type":"page","link":"https:\/\/www.elsicaldeira.com\/es\/about\/","title":{"rendered":"Acerca de m\u00ed"},"content":{"rendered":"<p><img loading=\"lazy\" decoding=\"async\" class=\"aligncenter  wp-image-2081\" src=\"https:\/\/www.elsicaldeira.com\/wp-content\/uploads\/2012\/11\/me.png\" alt=\"Elsi Caldeira\" width=\"210\" height=\"207\" \/><\/p>\n<p>Soy Desarrollador eLearning\/Multimedia\/Web. Me especializo en <strong>HTML(5), CSS(3), JavaScript, jQuery, Animate<\/strong> (animaci\u00f3n y programaci\u00f3n), <strong>Articulate Storyline<\/strong>, manejo <strong>Photoshop, Illustrator, After Effects <\/strong>incluso he hecho<strong> Voice Over <\/strong>en algunas de las soluciones desarrolladas. Me encanta mantenerme al tanto con lo \u00faltimo en Desarrollo y Dise\u00f1o Web.<\/p>\n<p>Visita mi CV en l\u00ednea:\u00a0<a href=\"https:\/\/www.elsicaldeira.com\/resume\/spanish\/\" target=\"_blank\">https:\/\/www.elsicaldeira.com\/resume\/spanish\/<\/a><\/p>\n<p>Otros sitios donde me pueden encontrar:<\/p>\n<p><a href=\"https:\/\/twitter.com\/ecaldeira\" target=\"_blank\"><img loading=\"lazy\" decoding=\"async\" class=\"alignnone size-full wp-image-1431\" title=\"Twitter\" src=\"https:\/\/www.elsicaldeira.com\/wp-content\/uploads\/2012\/11\/twitter-icon.png\" alt=\"Twitter\" width=\"48\" height=\"48\" \/><\/a><a href=\"http:\/\/www.linkedin.com\/in\/ecaldeira\" target=\"_blank\"><img loading=\"lazy\" decoding=\"async\" class=\"alignnone size-full wp-image-1432\" title=\"Linkedin\" src=\"https:\/\/www.elsicaldeira.com\/wp-content\/uploads\/2012\/11\/linkedin-icon.png\" alt=\"Linkedin\" width=\"48\" height=\"48\" \/><\/a><a href=\"http:\/\/pinterest.com\/whiteroselady\/\" target=\"_blank\"><img loading=\"lazy\" decoding=\"async\" class=\"alignnone size-full wp-image-1430\" title=\"Pinterest\" src=\"https:\/\/www.elsicaldeira.com\/wp-content\/uploads\/2012\/11\/pinterest-icon.png\" alt=\"Pinterest\" width=\"48\" height=\"48\" \/><\/a><\/p>","protected":false},"excerpt":{"rendered":"<p>Soy Desarrollador eLearning\/Multimedia\/Web. Me especializo en HTML(5), CSS(3), JavaScript, jQuery, Animate (animaci\u00f3n y programaci\u00f3n), Articulate Storyline, manejo Photoshop, Illustrator, After Effects incluso he hecho Voice Over en algunas de las soluciones desarrolladas. Me encanta mantenerme al tanto con lo \u00faltimo en Desarrollo y Dise\u00f1o Web. Visita mi CV en l\u00ednea:\u00a0https:\/\/www.elsicaldeira.com\/resume\/spanish\/ Otros sitios donde me pueden [&hellip;]<\/p>\n","protected":false},"author":1,"featured_media":0,"parent":0,"menu_order":1,"comment_status":"open","ping_status":"open","template":"fullwidth-page.php","meta":{"footnotes":""},"class_list":["post-1427","page","type-page","status-publish","hentry"],"blocksy_meta":[],"_links":{"self":[{"href":"https:\/\/www.elsicaldeira.com\/es\/wp-json\/wp\/v2\/pages\/1427","targetHints":{"allow":["GET"]}}],"collection":[{"href":"https:\/\/www.elsicaldeira.com\/es\/wp-json\/wp\/v2\/pages"}],"about":[{"href":"https:\/\/www.elsicaldeira.com\/es\/wp-json\/wp\/v2\/types\/page"}],"author":[{"embeddable":true,"href":"https:\/\/www.elsicaldeira.com\/es\/wp-json\/wp\/v2\/users\/1"}],"replies":[{"embeddable":true,"href":"https:\/\/www.elsicaldeira.com\/es\/wp-json\/wp\/v2\/comments?post=1427"}],"version-history":[{"count":36,"href":"https:\/\/www.elsicaldeira.com\/es\/wp-json\/wp\/v2\/pages\/1427\/revisions"}],"predecessor-version":[{"id":2267,"href":"https:\/\/www.elsicaldeira.com\/es\/wp-json\/wp\/v2\/pages\/1427\/revisions\/2267"}],"wp:attachment":[{"href":"https:\/\/www.elsicaldeira.com\/es\/wp-json\/wp\/v2\/media?parent=1427"}],"curies":[{"name":"wp","href":"https:\/\/api.w.org\/{rel}","templated":true}]}}