{"id":2851,"date":"2024-09-14T18:53:31","date_gmt":"2024-09-14T16:53:31","guid":{"rendered":"https:\/\/www.elsicaldeira.com\/?page_id=2851"},"modified":"2025-12-19T20:28:33","modified_gmt":"2025-12-19T19:28:33","slug":"reel","status":"publish","type":"page","link":"https:\/\/www.elsicaldeira.com\/es\/reel\/","title":{"rendered":"Reel"},"content":{"rendered":"<p>&nbsp;<\/p>\r\n\r\n<div id=\"reel\" class=\"wp-block-stackable-heading stk-block-heading stk-block-heading--v2 stk-block stk-5yj3hmw\" data-block-id=\"5yj3hmw\">\r\n<h1 class=\"stk-block-heading__text\">Reel<\/h1>\r\n<\/div>\r\n\r\n<p>&nbsp;<\/p>\r\n\r\n<p>Compilaci\u00f3n de trabajos comercial y personal.<\/p>\r\n\r\n<p>&nbsp;<\/p>\r\n\r\n<div class=\"wp-block-stackable-video-popup stk-block-video-popup stk-block stk-rtaec2i\" data-video=\"https:\/\/youtu.be\/_T8CJHwg5DQ\" data-block-id=\"rtaec2i\">\r\n<div class=\"stk-block-video-popup__overlay stk-row stk-inner-blocks stk-block-content stk-hover-parent\" tabindex=\"0\" role=\"button\" aria-label=\"Play Video\">\r\n<div class=\"wp-block-stackable-icon stk-block-icon has-text-align-center stk-block stk-lrwv22m\" data-block-id=\"lrwv22m\">\u00a0<\/div>\r\n\r\n\r\n\r\n<div class=\"wp-block-stackable-image stk-block-image stk-block stk-ff8gd9l\" data-block-id=\"ff8gd9l\">\r\n<figure><span class=\"stk-img-wrapper stk-image--shape-stretch\"><img loading=\"lazy\" decoding=\"async\" class=\"stk-img wp-image-2835\" src=\"https:\/\/www.elsicaldeira.com\/wp-content\/uploads\/2024\/09\/intro_play.jpg\" width=\"1872\" height=\"1053\" srcset=\"https:\/\/www.elsicaldeira.com\/wp-content\/uploads\/2024\/09\/intro_play.jpg 1872w, https:\/\/www.elsicaldeira.com\/wp-content\/uploads\/2024\/09\/intro_play-300x169.jpg 300w, https:\/\/www.elsicaldeira.com\/wp-content\/uploads\/2024\/09\/intro_play-1024x576.jpg 1024w, https:\/\/www.elsicaldeira.com\/wp-content\/uploads\/2024\/09\/intro_play-768x432.jpg 768w, https:\/\/www.elsicaldeira.com\/wp-content\/uploads\/2024\/09\/intro_play-1536x864.jpg 1536w\" sizes=\"auto, (max-width: 1872px) 100vw, 1872px\" \/><\/span><\/figure>\r\n<\/div>\r\n<\/div>\r\n<\/div>\r\n\r\n<p>&nbsp;<\/p>\r\n\r\n<p>Lista detallada de los proyectos mostrados y responsabilidades:<\/p>\r\n\r\n<p>&nbsp;<\/p>\r\n\r\n<figure class=\"wp-block-table\" style=\"font-size:clamp(14px, 0.875rem + ((1vw - 3.2px) * 0.078), 15px);\">\r\n<table style=\"border-style: none; border-width: 0px;\">\r\n<thead>\r\n<tr>\r\n<th class=\"has-text-align-left\" data-align=\"left\">Timecode<\/th>\r\n<th class=\"has-text-align-left\" data-align=\"left\">Responsabilidad<\/th>\r\n<\/tr>\r\n<\/thead>\r\n<tbody>\r\n<tr>\r\n<td class=\"has-text-align-top left\" data-align=\"top left\">00:00:00<\/td>\r\n<td class=\"has-text-align-left\" data-align=\"left\">intro<br \/>Proyecto personal<br \/>Role: Dise\u00f1o &amp; Animaci\u00f3n<\/td>\r\n<\/tr>\r\n<tr>\r\n<td class=\"has-text-align-left\" data-align=\"left\">00:00:03<\/td>\r\n<td class=\"has-text-align-left\" data-align=\"left\">IKEA Espa\u00f1a RRSS Post &#8211; Aperturas Domingos y festivos 2022<br \/>Agencia: MRM Espa\u00f1a<br \/>Dise\u00f1o: McCann Espa\u00f1a<br \/>Rol: Animaci\u00f3n<\/td>\r\n<\/tr>\r\n<tr>\r\n<td class=\"has-text-align-left\" data-align=\"left\">00:00:08<\/td>\r\n<td class=\"has-text-align-left\" data-align=\"left\">IKEA Espa\u00f1a RRSS Post &#8211; Recogida ciudades 2022<br \/>Agencia: MRM Espa\u00f1a<br \/>Dise\u00f1o: McCann Espa\u00f1a<br \/>Rol: Animaci\u00f3n<\/td>\r\n<\/tr>\r\n<tr>\r\n<td class=\"has-text-align-left\" data-align=\"left\">00:00:13<\/td>\r\n<td class=\"has-text-align-left\" data-align=\"left\">IKEA Espa\u00f1a &#8211; IKEA Semana Blanca 2022<br \/>Agencia: MRM Espa\u00f1a<br \/>Dise\u00f1o: McCann Espa\u00f1a<br \/>Rol: Animaci\u00f3n<\/td>\r\n<\/tr>\r\n<tr>\r\n<td class=\"has-text-align-left\" data-align=\"left\">00:00:18<\/td>\r\n<td class=\"has-text-align-left\" data-align=\"left\">SELAE &#8211; Sorteo D\u00eda de San Valent\u00edn 2017<br \/>Agencia: On The Spot<br \/>Dise\u00f1o: Dado por cliente SELAE<br \/>Rol: Animaci\u00f3n<\/td>\r\n<\/tr>\r\n<tr>\r\n<td class=\"has-text-align-left\" data-align=\"left\">00:00:21<\/td>\r\n<td class=\"has-text-align-left\" data-align=\"left\">SELAE &#8211; Sorteo D\u00eda del Padre 2016<br \/>Agencia: On The Spot<br \/>Dise\u00f1o: Dado por cliente SELAE<br \/>Rol: Animaci\u00f3n<\/td>\r\n<\/tr>\r\n<tr>\r\n<td class=\"has-text-align-left\" data-align=\"left\">00:00:26<\/td>\r\n<td class=\"has-text-align-left\" data-align=\"left\">IKEA Espa\u00f1a IG Stories &#8211; Apertura tienda en calle Goya 2018<br \/>Agencia: MRM Espa\u00f1a<br \/>Dise\u00f1o: MRM Espa\u00f1a<br \/>Rol: Animaci\u00f3n<\/td>\r\n<\/tr>\r\n<tr>\r\n<td class=\"has-text-align-left\" data-align=\"left\">00:00:30<\/td>\r\n<td class=\"has-text-align-left\" data-align=\"left\">IKEA Espa\u00f1a IG Stories &#8211; Salones 2019<br \/>Agencia: MRM Espa\u00f1a<br \/>Dise\u00f1o: MRM Espa\u00f1a<br \/>Rol: Animaci\u00f3n<\/td>\r\n<\/tr>\r\n<tr>\r\n<td class=\"has-text-align-left\" data-align=\"left\">00:00:34<\/td>\r\n<td class=\"has-text-align-left\" data-align=\"left\">IKEA Espa\u00f1a IG Stories &#8211; IKEA Barcelona IKEA Family 2024<br \/>Agencia: MRM Espa\u00f1a<br \/>Dise\u00f1o: McCann Espa\u00f1a<br \/>Rol: Animaci\u00f3n<\/td>\r\n<\/tr>\r\n<tr>\r\n<td class=\"has-text-align-left\" data-align=\"left\">00:00:41<\/td>\r\n<td class=\"has-text-align-left\" data-align=\"left\">D\u00eda de la Madre 2023<br \/>Proyecto personal<br \/>Rol: Dise\u00f1o y Animaci\u00f3n<\/td>\r\n<\/tr>\r\n<tr>\r\n<td class=\"has-text-align-left\" data-align=\"left\">00:00:45<\/td>\r\n<td class=\"has-text-align-left\" data-align=\"left\">Good Morning 2024<br \/>Proyecto personal<br \/>Rol: Dise\u00f1o y Animaci\u00f3n<\/td>\r\n<\/tr>\r\n<tr>\r\n<td class=\"has-text-align-left\" data-align=\"left\">00:00:48<\/td>\r\n<td class=\"has-text-align-left\" data-align=\"left\">Happy Thanksgiving 2024<br \/>Proyecto personal<br \/>Rol: Dise\u00f1o y Animaci\u00f3n<\/td>\r\n<\/tr>\r\n<tr>\r\n<td class=\"has-text-align-left\" data-align=\"left\">00:00:52<\/td>\r\n<td class=\"has-text-align-left\" data-align=\"left\">Happy New Year 2024<br \/>Proyecto personal<br \/>Rol: Dise\u00f1o y Animaci\u00f3n<\/td>\r\n<\/tr>\r\n<tr>\r\n<td class=\"has-text-align-left\" data-align=\"left\">00:00:57<\/td>\r\n<td class=\"has-text-align-left\" data-align=\"left\">Happy Easter 2025<br \/>Proyecto personal<br \/>Rol: Dise\u00f1o y Animaci\u00f3n<\/td>\r\n<\/tr>\r\n<tr>\r\n<td class=\"has-text-align-left\" data-align=\"left\">00:00:58<\/td>\r\n<td class=\"has-text-align-left\" data-align=\"left\">Father&#8217;s Day 2024<br \/>Proyecto personal<br \/>Rol: Dise\u00f1o y Animaci\u00f3n<\/td>\r\n<\/tr>\r\n<tr>\r\n<td class=\"has-text-align-left\" data-align=\"left\">00:01:05<\/td>\r\n<td class=\"has-text-align-left\" data-align=\"left\">outro<br \/>Proyecto personal<br \/>Rol: Dise\u00f1o y Animaci\u00f3n<\/td>\r\n<\/tr>\r\n<\/tbody>\r\n<\/table>\r\n<\/figure>","protected":false},"excerpt":{"rendered":"<p>&nbsp; Reel &nbsp; Compilaci\u00f3n de trabajos comercial y personal. &nbsp; \u00a0 &nbsp; Lista detallada de los proyectos mostrados y responsabilidades: &nbsp; Timecode Responsabilidad 00:00:00 introProyecto personalRole: Dise\u00f1o &amp; Animaci\u00f3n 00:00:03 IKEA Espa\u00f1a RRSS Post &#8211; Aperturas Domingos y festivos 2022Agencia: MRM Espa\u00f1aDise\u00f1o: McCann Espa\u00f1aRol: Animaci\u00f3n 00:00:08 IKEA Espa\u00f1a RRSS Post &#8211; Recogida ciudades 2022Agencia: MRM [&hellip;]<\/p>\n","protected":false},"author":1,"featured_media":0,"parent":0,"menu_order":0,"comment_status":"closed","ping_status":"closed","template":"","meta":{"footnotes":""},"class_list":["post-2851","page","type-page","status-publish","hentry"],"blocksy_meta":{"disable_featured_image":"yes","disable_share_box":"yes","styles_descriptor":{"styles":{"desktop":"","tablet":"","mobile":""},"google_fonts":[],"version":6}},"_links":{"self":[{"href":"https:\/\/www.elsicaldeira.com\/es\/wp-json\/wp\/v2\/pages\/2851","targetHints":{"allow":["GET"]}}],"collection":[{"href":"https:\/\/www.elsicaldeira.com\/es\/wp-json\/wp\/v2\/pages"}],"about":[{"href":"https:\/\/www.elsicaldeira.com\/es\/wp-json\/wp\/v2\/types\/page"}],"author":[{"embeddable":true,"href":"https:\/\/www.elsicaldeira.com\/es\/wp-json\/wp\/v2\/users\/1"}],"replies":[{"embeddable":true,"href":"https:\/\/www.elsicaldeira.com\/es\/wp-json\/wp\/v2\/comments?post=2851"}],"version-history":[{"count":20,"href":"https:\/\/www.elsicaldeira.com\/es\/wp-json\/wp\/v2\/pages\/2851\/revisions"}],"predecessor-version":[{"id":3015,"href":"https:\/\/www.elsicaldeira.com\/es\/wp-json\/wp\/v2\/pages\/2851\/revisions\/3015"}],"wp:attachment":[{"href":"https:\/\/www.elsicaldeira.com\/es\/wp-json\/wp\/v2\/media?parent=2851"}],"curies":[{"name":"wp","href":"https:\/\/api.w.org\/{rel}","templated":true}]}}